{"id":5254,"date":"2021-11-12T16:38:18","date_gmt":"2021-11-12T15:38:18","guid":{"rendered":"https:\/\/petiteceinture.org\/?page_id=5254"},"modified":"2021-11-12T16:38:20","modified_gmt":"2021-11-12T15:38:20","slug":"sections-fermees-au-public","status":"publish","type":"page","link":"https:\/\/petiteceinture.org\/en\/foire-aux-questions\/sections-fermees-au-public\/","title":{"rendered":"Toute la Petite Ceinture est-elle accessible au public&nbsp;?"},"content":{"rendered":"<h2 class=\"wp-block-heading\">Certains sections demeurent ferm\u00e9es au public<\/h2>\n\n\n\n<p>Depuis 2013, plusieurs sections de la Petite Ceinture sont ouvertes au public dans les diff\u00e9rents arrondissements de Paris. Pour les d\u00e9couvrir, rendez-vous <a href=\"https:\/\/petiteceinture.org\/acceder-a-la-petite-ceinture\/\">sur cette page<\/a>. Toutefois,  <strong>toute la ligne n\u2019est pas ouverte au public<\/strong>, et ce pour diff\u00e9rentes raisons.&nbsp;<\/p>\n\n\n\n<figure class=\"wp-block-embed is-type-wp-embed is-provider-association-sauvegarde-petite-ceinture wp-block-embed-association-sauvegarde-petite-ceinture\"><div class=\"wp-block-embed__wrapper\">\n<div class=\"oceanwp-oembed-wrap clr\"><blockquote class=\"wp-embedded-content\" data-secret=\"ReMYlKLhjz\"><a href=\"https:\/\/petiteceinture.org\/acceder-a-la-petite-ceinture\/\">Comment acc\u00e9der \u00e0 la Petite Ceinture&nbsp;?<\/a><\/blockquote><iframe class=\"wp-embedded-content\" sandbox=\"allow-scripts\" security=\"restricted\" style=\"position: absolute; clip: rect(1px, 1px, 1px, 1px);\" title=\"\u00ab&nbsp;Comment acc\u00e9der \u00e0 la Petite Ceinture ?&nbsp;\u00bb \u2014 Association Sauvegarde Petite Ceinture\" src=\"https:\/\/petiteceinture.org\/acceder-a-la-petite-ceinture\/embed\/#?secret=ReMYlKLhjz\" data-secret=\"ReMYlKLhjz\" width=\"600\" height=\"338\" frameborder=\"0\" marginwidth=\"0\" marginheight=\"0\" scrolling=\"no\"><\/iframe><\/div>\n<\/div><\/figure>\n\n\n\n<p>La Petite Ceinture est une <strong>voie de chemin de fer en site propre<\/strong>. Elle passe au-dessus de la voie publique (en viaduc) ou en-dessous (en tranch\u00e9e).&nbsp;Pour franchir certains obstacles naturels, la Petite Ceinture emprunte plusieurs tunnels, dont certains font plus d\u2019un kilom\u00e8tre.&nbsp;<\/p>\n\n\n\n<p>Pour des raisons de s\u00e9curit\u00e9, <strong>ces derniers ne sont pas accessibles au public<\/strong>. De m\u00eame, certaines <strong>portions en viaduc<\/strong> ne peuvent \u00eatre emprunt\u00e9es par les pi\u00e9tons, \u00e9tant pr\u00e9vues pour y faire&nbsp;<a href=\"https:\/\/petiteceinture.org\/Les-trains-de-la-Petite-Ceinture.html\">circuler des trains<\/a>.<\/p>\n\n\n\n<figure class=\"wp-block-image size-large\"><img fetchpriority=\"high\" decoding=\"async\" width=\"1024\" height=\"576\" src=\"https:\/\/petiteceinture.org\/wp-content\/uploads\/2021\/11\/avenue-de-vincennes-nuit-img-2885-lightroom-1400-C-1024x576.jpg\" alt class=\"wp-image-5261\" srcset=\"https:\/\/petiteceinture.org\/wp-content\/uploads\/2021\/11\/avenue-de-vincennes-nuit-img-2885-lightroom-1400-C-1024x576.jpg 1024w, https:\/\/petiteceinture.org\/wp-content\/uploads\/2021\/11\/avenue-de-vincennes-nuit-img-2885-lightroom-1400-C-300x169.jpg 300w, https:\/\/petiteceinture.org\/wp-content\/uploads\/2021\/11\/avenue-de-vincennes-nuit-img-2885-lightroom-1400-C-768x432.jpg 768w, https:\/\/petiteceinture.org\/wp-content\/uploads\/2021\/11\/avenue-de-vincennes-nuit-img-2885-lightroom-1400-C-800x450.jpg 800w, https:\/\/petiteceinture.org\/wp-content\/uploads\/2021\/11\/avenue-de-vincennes-nuit-img-2885-lightroom-1400-C.jpg 1400w\" sizes=\"(max-width: 1024px) 100vw, 1024px\"><figcaption>Le Pont de l\u2019Avenue de Vincennes et la Petite Ceinture la nuit. Photo&nbsp;: Jean-Nicolas Lehec<\/figcaption><\/figure>\n\n\n\n<p>Reli\u00e9e \u00e0 presque toutes les gares parisiennes, la Petite Ceinture se rapproche souvent des <strong>lignes en activit\u00e9<\/strong> (trains de banlieue et grandes lignes). Certaines portions de la P.C. demeurent (et demeureront) donc <strong>inaccessibles au public<\/strong>.<\/p>\n\n\n\n<p>Partie int\u00e9grante du <a href=\"https:\/\/petiteceinture.org\/la-ligne\/situation-juridique\/\">R\u00e9seau Ferr\u00e9 National<\/a>, la Petite Ceinture de Paris appartient \u00e0 <strong>SNCF R\u00e9seau<\/strong>. L\u2019acc\u00e8s \u00e0 la plateforme ferroviaire est donc tout naturellement r\u00e9gi par le <strong>Code des Transports.&nbsp;<\/strong><\/p>\n\n\n\n<figure class=\"wp-block-embed is-type-wp-embed is-provider-association-sauvegarde-petite-ceinture wp-block-embed-association-sauvegarde-petite-ceinture\"><div class=\"wp-block-embed__wrapper\">\n<div class=\"oceanwp-oembed-wrap clr\"><blockquote class=\"wp-embedded-content\" data-secret=\"WnMYZP8cvD\"><a href=\"https:\/\/petiteceinture.org\/la-ligne\/situation-juridique\/\">The legal status of the Paris Petite Ceinture railway<\/a><\/blockquote><iframe class=\"wp-embedded-content\" sandbox=\"allow-scripts\" security=\"restricted\" style=\"position: absolute; clip: rect(1px, 1px, 1px, 1px);\" title=\"\u00ab&nbsp;Situation juridique de la Petite Ceinture ferroviaire de Paris&nbsp;\u00bb \u2014 Association Sauvegarde Petite Ceinture\" src=\"https:\/\/petiteceinture.org\/la-ligne\/situation-juridique\/embed\/#?secret=WnMYZP8cvD\" data-secret=\"WnMYZP8cvD\" width=\"600\" height=\"338\" frameborder=\"0\" marginwidth=\"0\" marginheight=\"0\" scrolling=\"no\"><\/iframe><\/div>\n<\/div><\/figure>\n\n\n\n<h2 class=\"wp-block-heading\">Code des Transports, art. L2242\u20114<\/h2>\n\n\n\n<p id=\"LEGIARTI000023717788-1\"><a href=\"https:\/\/www.legifrance.gouv.fr\/codes\/article_lc\/LEGIARTI000023717788\">L\u2019Article L2242\u20114<\/a> stipule&nbsp;:&nbsp;<\/p>\n\n\n\n<blockquote class=\"wp-block-quote is-layout-flow wp-block-quote-is-layout-flow\"><p>Est puni de <strong>six mois d\u2019emprisonnement<\/strong> and <strong>3 750&nbsp;\u20ac d\u2019amende<\/strong> le fait pour toute personne&nbsp;:<br><br>1\u00b0 De modifier ou d\u00e9placer sans autorisation ou <strong>de d\u00e9grader ou d\u00e9ranger la voie ferr\u00e9e<\/strong>, les talus, cl\u00f4tures, barri\u00e8res, b\u00e2timents et ouvrages d\u2019art, les installations de production, de transport et de distribution d\u2019\u00e9nergie ainsi que les appareils et le mat\u00e9riel de toute nature servant \u00e0 l\u2019exploitation&nbsp;;<br><br>2\u00b0 De jeter ou d\u00e9poser un mat\u00e9riau ou un objet quelconque sur les lignes de transport ou de distribution d\u2019\u00e9nergie ou dans les parties de la voie ferr\u00e9e ou de ses d\u00e9pendances qui ne sont pas affect\u00e9es \u00e0 la circulation publique&nbsp;;<br><br>3\u00b0 D\u2019emp\u00eacher le fonctionnement des signaux ou appareils quelconques ou de man\u0153uvrer, sans en avoir mission, ceux qui ne sont pas \u00e0 la disposition du public&nbsp;;<br><br>4\u00b0 De troubler ou entraver, par des signaux faits en dehors du service ou de toute autre fa\u00e7on, la mise en marche ou la circulation des trains&nbsp;;<br><br>5\u00b0 <strong>De p\u00e9n\u00e9trer, circuler ou stationner sans autorisation r\u00e9guli\u00e8re dans les parties de la voie ferr\u00e9e ou de ses d\u00e9pendances qui ne sont pas affect\u00e9es \u00e0 la circulation publique<\/strong>, d\u2019y introduire des animaux ou d\u2019y laisser introduire ceux dont elle est responsable, d\u2019y faire circuler ou stationner un v\u00e9hicule \u00e9tranger au service, d\u2019y jeter ou d\u00e9poser un mat\u00e9riau ou un objet quelconque, d\u2019entrer dans l\u2019enceinte du chemin de fer ou d\u2019en sortir par d\u2019autres issues que celles affect\u00e9es \u00e0 cet usage&nbsp;;<br><br>6\u00b0 De laisser stationner sur les parties d\u2019une voie publique suivie ou travers\u00e9e \u00e0 niveau par une voie ferr\u00e9e des voitures ou des animaux, d\u2019y jeter ou d\u00e9poser un mat\u00e9riau ou un objet quelconque, de faire suivre les rails de la voie ferr\u00e9e par des v\u00e9hicules \u00e9trangers au service&nbsp;;<br><br>7\u00b0 De laisser subsister, apr\u00e8s une mise en demeure de les supprimer faite par l\u2019autorit\u00e9 administrative comp\u00e9tente de l\u2019Etat, toutes installations lumineuses et notamment toute publicit\u00e9 lumineuse au moyen d\u2019affiches, enseignes ou panneaux lumineux ou r\u00e9fl\u00e9chissants, lorsqu\u2019elles sont de nature \u00e0 cr\u00e9er un danger pour la circulation des convois en raison de la g\u00eane qu\u2019elles apportent pour l\u2019observation des signaux par les agents du chemin de&nbsp;fer&nbsp;;<\/p><p>8\u00b0 De faire usage du signal d\u2019alarme ou d\u2019arr\u00eat mis \u00e0 la disposition des voyageurs de mani\u00e8re ill\u00e9gitime et dans l\u2019intention de troubler ou d\u2019entraver la mise en marche ou la circulation des trains&nbsp;;<\/p><p>9\u00b0 <strong>De p\u00e9n\u00e9trer sans autorisation dans les espaces affect\u00e9s \u00e0 la conduite des trains.<\/strong><\/p><\/blockquote>","protected":false},"excerpt":{"rendered":"<p>Certaines sections de la Petite Ceinture ferroviaire de Paris restent (et resteront ferm\u00e9es au public), notamment pour des raisons de s\u00e9curit\u00e9. Explications.<\/p>","protected":false},"author":6,"featured_media":5183,"parent":1067,"menu_order":0,"comment_status":"closed","ping_status":"closed","template":"","meta":{"wp_typography_post_enhancements_disabled":false,"ocean_post_layout":"","ocean_both_sidebars_style":"","ocean_both_sidebars_content_width":0,"ocean_both_sidebars_sidebars_width":0,"ocean_sidebar":"0","ocean_second_sidebar":"0","ocean_disable_margins":"enable","ocean_add_body_class":"","ocean_shortcode_before_top_bar":"","ocean_shortcode_after_top_bar":"","ocean_shortcode_before_header":"","ocean_shortcode_after_header":"","ocean_has_shortcode":"","ocean_shortcode_after_title":"","ocean_shortcode_before_footer_widgets":"","ocean_shortcode_after_footer_widgets":"","ocean_shortcode_before_footer_bottom":"","ocean_shortcode_after_footer_bottom":"","ocean_display_top_bar":"on","ocean_display_header":"on","ocean_header_style":"","ocean_center_header_left_menu":"0","ocean_custom_header_template":"0","ocean_custom_logo":0,"ocean_custom_retina_logo":0,"ocean_custom_logo_max_width":0,"ocean_custom_logo_tablet_max_width":0,"ocean_custom_logo_mobile_max_width":0,"ocean_custom_logo_max_height":0,"ocean_custom_logo_tablet_max_height":0,"ocean_custom_logo_mobile_max_height":0,"ocean_header_custom_menu":"0","ocean_menu_typo_font_family":"0","ocean_menu_typo_font_subset":"","ocean_menu_typo_font_size":0,"ocean_menu_typo_font_size_tablet":0,"ocean_menu_typo_font_size_mobile":0,"ocean_menu_typo_font_size_unit":"px","ocean_menu_typo_font_weight":"","ocean_menu_typo_font_weight_tablet":"","ocean_menu_typo_font_weight_mobile":"","ocean_menu_typo_transform":"","ocean_menu_typo_transform_tablet":"","ocean_menu_typo_transform_mobile":"","ocean_menu_typo_line_height":0,"ocean_menu_typo_line_height_tablet":0,"ocean_menu_typo_line_height_mobile":0,"ocean_menu_typo_line_height_unit":"","ocean_menu_typo_spacing":0,"ocean_menu_typo_spacing_tablet":0,"ocean_menu_typo_spacing_mobile":0,"ocean_menu_typo_spacing_unit":"","ocean_menu_link_color":"","ocean_menu_link_color_hover":"","ocean_menu_link_color_active":"","ocean_menu_link_background":"","ocean_menu_link_hover_background":"","ocean_menu_link_active_background":"","ocean_menu_social_links_bg":"","ocean_menu_social_hover_links_bg":"","ocean_menu_social_links_color":"","ocean_menu_social_hover_links_color":"","ocean_disable_title":"enable","ocean_disable_heading":"enable","ocean_post_title":"","ocean_post_subheading":"","ocean_post_title_style":"background-image","ocean_post_title_background_color":"","ocean_post_title_background":5183,"ocean_post_title_bg_image_position":"center center","ocean_post_title_bg_image_attachment":"","ocean_post_title_bg_image_repeat":"","ocean_post_title_bg_image_size":"","ocean_post_title_height":300,"ocean_post_title_bg_overlay":0.5,"ocean_post_title_bg_overlay_color":"","ocean_disable_breadcrumbs":"default","ocean_breadcrumbs_color":"","ocean_breadcrumbs_separator_color":"","ocean_breadcrumbs_links_color":"","ocean_breadcrumbs_links_hover_color":"","ocean_display_footer_widgets":"default","ocean_display_footer_bottom":"default","ocean_custom_footer_template":"0","ofc_meta_disable_footer_callout":"","ofc_meta_callout_button_url":"","ofc_meta_callout_button_txt":"","ofc_meta_callout_text":"","ofc_enable_fullscreen":"disable","ofc_fullscreen_speed":0,"ofc_fullscreen_nav":"enable","ofc_fullscreen_nav_pos":"right","ofc_fullscreen_nav_color":"","ofc_fullscreen_nav_tooltip_color":"","ofc_fullscreen_responsive":0,"footnotes":""},"class_list":["post-5254","page","type-page","status-publish","has-post-thumbnail","hentry","entry","has-media"],"yoast_head":"<!-- This site is optimized with the Yoast SEO plugin v27.4 - https:\/\/yoast.com\/product\/yoast-seo-wordpress\/ -->\n<title>Toute la Petite Ceinture est-elle accessible au public ? - ASPCRF<\/title>\n<meta name=\"robots\" content=\"index, follow, max-snippet:-1, max-image-preview:large, max-video-preview:-1\" \/>\n<link rel=\"canonical\" href=\"https:\/\/petiteceinture.org\/en\/foire-aux-questions\/sections-fermees-au-public\/\" \/>\n<meta property=\"og:locale\" content=\"en_GB\" \/>\n<meta property=\"og:type\" content=\"article\" \/>\n<meta property=\"og:title\" content=\"Toute la Petite Ceinture est-elle accessible au public ? - ASPCRF\" \/>\n<meta property=\"og:description\" content=\"Certaines sections de la Petite Ceinture ferroviaire de Paris restent (et resteront ferm\u00e9es au public), notamment pour des raisons de s\u00e9curit\u00e9. Explications.\" \/>\n<meta property=\"og:url\" content=\"https:\/\/petiteceinture.org\/en\/foire-aux-questions\/sections-fermees-au-public\/\" \/>\n<meta property=\"og:site_name\" content=\"Association Sauvegarde Petite Ceinture\" \/>\n<meta property=\"article:publisher\" content=\"https:\/\/www.facebook.com\/pages\/Petite-Ceinture-Ferroviaire-de-Paris\/384748434945135\" \/>\n<meta property=\"article:modified_time\" content=\"2021-11-12T15:38:20+00:00\" \/>\n<meta property=\"og:image\" content=\"https:\/\/petiteceinture.org\/wp-content\/uploads\/2021\/10\/Raccordement-Evangile-Pont-Nationale-1.jpg\" \/>\n\t<meta property=\"og:image:width\" content=\"1400\" \/>\n\t<meta property=\"og:image:height\" content=\"933\" \/>\n\t<meta property=\"og:image:type\" content=\"image\/jpeg\" \/>\n<meta name=\"twitter:card\" content=\"summary_large_image\" \/>\n<meta name=\"twitter:site\" content=\"@aspcrf\" \/>\n<meta name=\"twitter:label1\" content=\"Estimated reading time\" \/>\n\t<meta name=\"twitter:data1\" content=\"3 minutes\" \/>\n<script type=\"application\/ld+json\" class=\"yoast-schema-graph\">{\"@context\":\"https:\\\/\\\/schema.org\",\"@graph\":[{\"@type\":\"WebPage\",\"@id\":\"https:\\\/\\\/petiteceinture.org\\\/foire-aux-questions\\\/sections-fermees-au-public\\\/\",\"url\":\"https:\\\/\\\/petiteceinture.org\\\/foire-aux-questions\\\/sections-fermees-au-public\\\/\",\"name\":\"Toute la Petite Ceinture est-elle accessible au public ? - ASPCRF\",\"isPartOf\":{\"@id\":\"https:\\\/\\\/petiteceinture.org\\\/#website\"},\"primaryImageOfPage\":{\"@id\":\"https:\\\/\\\/petiteceinture.org\\\/foire-aux-questions\\\/sections-fermees-au-public\\\/#primaryimage\"},\"image\":{\"@id\":\"https:\\\/\\\/petiteceinture.org\\\/foire-aux-questions\\\/sections-fermees-au-public\\\/#primaryimage\"},\"thumbnailUrl\":\"https:\\\/\\\/petiteceinture.org\\\/wp-content\\\/uploads\\\/2021\\\/10\\\/Raccordement-Evangile-Pont-Nationale-1.jpg\",\"datePublished\":\"2021-11-12T15:38:18+00:00\",\"dateModified\":\"2021-11-12T15:38:20+00:00\",\"breadcrumb\":{\"@id\":\"https:\\\/\\\/petiteceinture.org\\\/foire-aux-questions\\\/sections-fermees-au-public\\\/#breadcrumb\"},\"inLanguage\":\"en-GB\",\"potentialAction\":[{\"@type\":\"ReadAction\",\"target\":[\"https:\\\/\\\/petiteceinture.org\\\/foire-aux-questions\\\/sections-fermees-au-public\\\/\"]}]},{\"@type\":\"ImageObject\",\"inLanguage\":\"en-GB\",\"@id\":\"https:\\\/\\\/petiteceinture.org\\\/foire-aux-questions\\\/sections-fermees-au-public\\\/#primaryimage\",\"url\":\"https:\\\/\\\/petiteceinture.org\\\/wp-content\\\/uploads\\\/2021\\\/10\\\/Raccordement-Evangile-Pont-Nationale-1.jpg\",\"contentUrl\":\"https:\\\/\\\/petiteceinture.org\\\/wp-content\\\/uploads\\\/2021\\\/10\\\/Raccordement-Evangile-Pont-Nationale-1.jpg\",\"width\":1400,\"height\":933,\"caption\":\"Raccordement Evangile Petite Ceinture\"},{\"@type\":\"BreadcrumbList\",\"@id\":\"https:\\\/\\\/petiteceinture.org\\\/foire-aux-questions\\\/sections-fermees-au-public\\\/#breadcrumb\",\"itemListElement\":[{\"@type\":\"ListItem\",\"position\":1,\"name\":\"Accueil\",\"item\":\"https:\\\/\\\/petiteceinture.org\\\/\"},{\"@type\":\"ListItem\",\"position\":2,\"name\":\"Foire aux questions\",\"item\":\"https:\\\/\\\/petiteceinture.org\\\/foire-aux-questions\\\/\"},{\"@type\":\"ListItem\",\"position\":3,\"name\":\"Toute la Petite Ceinture est-elle accessible au public ?\"}]},{\"@type\":\"WebSite\",\"@id\":\"https:\\\/\\\/petiteceinture.org\\\/#website\",\"url\":\"https:\\\/\\\/petiteceinture.org\\\/\",\"name\":\"Association Sauvegarde Petite Ceinture\",\"description\":\"Association pour la Sauvegarde de la Petite Ceinture et de son r\u00e9seau ferr\u00e9\",\"publisher\":{\"@id\":\"https:\\\/\\\/petiteceinture.org\\\/#organization\"},\"potentialAction\":[{\"@type\":\"SearchAction\",\"target\":{\"@type\":\"EntryPoint\",\"urlTemplate\":\"https:\\\/\\\/petiteceinture.org\\\/?s={search_term_string}\"},\"query-input\":{\"@type\":\"PropertyValueSpecification\",\"valueRequired\":true,\"valueName\":\"search_term_string\"}}],\"inLanguage\":\"en-GB\"},{\"@type\":\"Organization\",\"@id\":\"https:\\\/\\\/petiteceinture.org\\\/#organization\",\"name\":\"Association Sauvegarde de la Petite Ceinture et de son R\u00e9seau Ferr\u00e9\",\"url\":\"https:\\\/\\\/petiteceinture.org\\\/\",\"logo\":{\"@type\":\"ImageObject\",\"inLanguage\":\"en-GB\",\"@id\":\"https:\\\/\\\/petiteceinture.org\\\/#\\\/schema\\\/logo\\\/image\\\/\",\"url\":\"https:\\\/\\\/petiteceinture.org\\\/wp-content\\\/uploads\\\/2020\\\/01\\\/Logo-SPC-fond-blanc-200.png\",\"contentUrl\":\"https:\\\/\\\/petiteceinture.org\\\/wp-content\\\/uploads\\\/2020\\\/01\\\/Logo-SPC-fond-blanc-200.png\",\"width\":200,\"height\":206,\"caption\":\"Association Sauvegarde de la Petite Ceinture et de son R\u00e9seau Ferr\u00e9\"},\"image\":{\"@id\":\"https:\\\/\\\/petiteceinture.org\\\/#\\\/schema\\\/logo\\\/image\\\/\"},\"sameAs\":[\"https:\\\/\\\/www.facebook.com\\\/pages\\\/Petite-Ceinture-Ferroviaire-de-Paris\\\/384748434945135\",\"https:\\\/\\\/x.com\\\/aspcrf\",\"https:\\\/\\\/www.instagram.com\\\/petiteceintureparis\",\"https:\\\/\\\/www.pinterest.fr\\\/petiteceintureparis\\\/\",\"https:\\\/\\\/www.youtube.com\\\/channel\\\/UC-HE5oJlzq506aGkEsaZzWA\"]}]}<\/script>\n<!-- \/ Yoast SEO plugin. -->","yoast_head_json":{"title":"Toute la Petite Ceinture est-elle accessible au public&nbsp;? \u2013 ASPCRF","robots":{"index":"index","follow":"follow","max-snippet":"max-snippet:-1","max-image-preview":"max-image-preview:large","max-video-preview":"max-video-preview:-1"},"canonical":"https:\/\/petiteceinture.org\/en\/foire-aux-questions\/sections-fermees-au-public\/","og_locale":"en_GB","og_type":"article","og_title":"Toute la Petite Ceinture est-elle accessible au public ? - ASPCRF","og_description":"Certaines sections de la Petite Ceinture ferroviaire de Paris restent (et resteront ferm\u00e9es au public), notamment pour des raisons de s\u00e9curit\u00e9. Explications.","og_url":"https:\/\/petiteceinture.org\/en\/foire-aux-questions\/sections-fermees-au-public\/","og_site_name":"Association Sauvegarde Petite Ceinture","article_publisher":"https:\/\/www.facebook.com\/pages\/Petite-Ceinture-Ferroviaire-de-Paris\/384748434945135","article_modified_time":"2021-11-12T15:38:20+00:00","og_image":[{"width":1400,"height":933,"url":"https:\/\/petiteceinture.org\/wp-content\/uploads\/2021\/10\/Raccordement-Evangile-Pont-Nationale-1.jpg","type":"image\/jpeg"}],"twitter_card":"summary_large_image","twitter_site":"@aspcrf","twitter_misc":{"Estimated reading time":"3 minutes"},"schema":{"@context":"https:\/\/schema.org","@graph":[{"@type":"WebPage","@id":"https:\/\/petiteceinture.org\/foire-aux-questions\/sections-fermees-au-public\/","url":"https:\/\/petiteceinture.org\/foire-aux-questions\/sections-fermees-au-public\/","name":"Toute la Petite Ceinture est-elle accessible au public&nbsp;? \u2013 ASPCRF","isPartOf":{"@id":"https:\/\/petiteceinture.org\/#website"},"primaryImageOfPage":{"@id":"https:\/\/petiteceinture.org\/foire-aux-questions\/sections-fermees-au-public\/#primaryimage"},"image":{"@id":"https:\/\/petiteceinture.org\/foire-aux-questions\/sections-fermees-au-public\/#primaryimage"},"thumbnailUrl":"https:\/\/petiteceinture.org\/wp-content\/uploads\/2021\/10\/Raccordement-Evangile-Pont-Nationale-1.jpg","datePublished":"2021-11-12T15:38:18+00:00","dateModified":"2021-11-12T15:38:20+00:00","breadcrumb":{"@id":"https:\/\/petiteceinture.org\/foire-aux-questions\/sections-fermees-au-public\/#breadcrumb"},"inLanguage":"en-GB","potentialAction":[{"@type":"ReadAction","target":["https:\/\/petiteceinture.org\/foire-aux-questions\/sections-fermees-au-public\/"]}]},{"@type":"ImageObject","inLanguage":"en-GB","@id":"https:\/\/petiteceinture.org\/foire-aux-questions\/sections-fermees-au-public\/#primaryimage","url":"https:\/\/petiteceinture.org\/wp-content\/uploads\/2021\/10\/Raccordement-Evangile-Pont-Nationale-1.jpg","contentUrl":"https:\/\/petiteceinture.org\/wp-content\/uploads\/2021\/10\/Raccordement-Evangile-Pont-Nationale-1.jpg","width":1400,"height":933,"caption":"Raccordement Evangile Petite Ceinture"},{"@type":"BreadcrumbList","@id":"https:\/\/petiteceinture.org\/foire-aux-questions\/sections-fermees-au-public\/#breadcrumb","itemListElement":[{"@type":"ListItem","position":1,"name":"Accueil","item":"https:\/\/petiteceinture.org\/"},{"@type":"ListItem","position":2,"name":"Foire aux questions","item":"https:\/\/petiteceinture.org\/foire-aux-questions\/"},{"@type":"ListItem","position":3,"name":"Toute la Petite Ceinture est-elle accessible au public ?"}]},{"@type":"WebSite","@id":"https:\/\/petiteceinture.org\/#website","url":"https:\/\/petiteceinture.org\/","name":"Association Sauvegarde Petite Ceinture","description":"Association for the Safeguarding of the Petite Ceinture and its Rail Network","publisher":{"@id":"https:\/\/petiteceinture.org\/#organization"},"potentialAction":[{"@type":"SearchAction","target":{"@type":"EntryPoint","urlTemplate":"https:\/\/petiteceinture.org\/?s={search_term_string}"},"query-input":{"@type":"PropertyValueSpecification","valueRequired":true,"valueName":"search_term_string"}}],"inLanguage":"en-GB"},{"@type":"Organization","@id":"https:\/\/petiteceinture.org\/#organization","name":"Association for the Safeguard of the Petite Ceinture and its Railway Network","url":"https:\/\/petiteceinture.org\/","logo":{"@type":"ImageObject","inLanguage":"en-GB","@id":"https:\/\/petiteceinture.org\/#\/schema\/logo\/image\/","url":"https:\/\/petiteceinture.org\/wp-content\/uploads\/2020\/01\/Logo-SPC-fond-blanc-200.png","contentUrl":"https:\/\/petiteceinture.org\/wp-content\/uploads\/2020\/01\/Logo-SPC-fond-blanc-200.png","width":200,"height":206,"caption":"Association Sauvegarde de la Petite Ceinture et de son R\u00e9seau Ferr\u00e9"},"image":{"@id":"https:\/\/petiteceinture.org\/#\/schema\/logo\/image\/"},"sameAs":["https:\/\/www.facebook.com\/pages\/Petite-Ceinture-Ferroviaire-de-Paris\/384748434945135","https:\/\/x.com\/aspcrf","https:\/\/www.instagram.com\/petiteceintureparis","https:\/\/www.pinterest.fr\/petiteceintureparis\/","https:\/\/www.youtube.com\/channel\/UC-HE5oJlzq506aGkEsaZzWA"]}]}},"_links":{"self":[{"href":"https:\/\/petiteceinture.org\/en\/wp-json\/wp\/v2\/pages\/5254","targetHints":{"allow":["GET"]}}],"collection":[{"href":"https:\/\/petiteceinture.org\/en\/wp-json\/wp\/v2\/pages"}],"about":[{"href":"https:\/\/petiteceinture.org\/en\/wp-json\/wp\/v2\/types\/page"}],"author":[{"embeddable":true,"href":"https:\/\/petiteceinture.org\/en\/wp-json\/wp\/v2\/users\/6"}],"replies":[{"embeddable":true,"href":"https:\/\/petiteceinture.org\/en\/wp-json\/wp\/v2\/comments?post=5254"}],"version-history":[{"count":9,"href":"https:\/\/petiteceinture.org\/en\/wp-json\/wp\/v2\/pages\/5254\/revisions"}],"predecessor-version":[{"id":5266,"href":"https:\/\/petiteceinture.org\/en\/wp-json\/wp\/v2\/pages\/5254\/revisions\/5266"}],"up":[{"embeddable":true,"href":"https:\/\/petiteceinture.org\/en\/wp-json\/wp\/v2\/pages\/1067"}],"wp:featuredmedia":[{"embeddable":true,"href":"https:\/\/petiteceinture.org\/en\/wp-json\/wp\/v2\/media\/5183"}],"wp:attachment":[{"href":"https:\/\/petiteceinture.org\/en\/wp-json\/wp\/v2\/media?parent=5254"}],"curies":[{"name":"wp","href":"https:\/\/api.w.org\/{rel}","templated":true}]}}